{"id":174,"date":"2018-11-21T10:47:16","date_gmt":"2018-11-21T09:47:16","guid":{"rendered":"http:\/\/www.gruppodp.com\/?page_id=174"},"modified":"2020-01-16T16:32:14","modified_gmt":"2020-01-16T15:32:14","slug":"privacy-policy","status":"publish","type":"page","link":"https:\/\/www.gruppodp.com\/it\/privacy-policy\/","title":{"rendered":"Privacy Policy"},"content":{"rendered":"<p>[vc_row css=&#8221;.vc_custom_1572356558300{padding-top: 60px !important;}&#8221;][vc_column][vc_column_text]<span style=\"font-size: x-large; color: #000000;\">PRIVACY POLICY E COOKIES<\/span><\/p>\n<p>Nel presente documento \u201cPrivacy policy e cookies\u201d si descrivono le modalit\u00e0 di gestione del sito in riferimento al trattamento dei dati personali degli utenti che lo consultano.<br \/>\nSi tratta di un&#8217;informativa resa anche ai sensi del Regolamento UE 2016\/679 (GDPR), del D. Lgs. 196\/2003, del D. Lgs. 101\/2018, dei Provvedimenti del Garante per la protezione dei dati personali e delle altre norme in materia di protezione dei dati applicabili in materia (in prosieguo \u201cnorme\u201d) a coloro che interagiscono con questo sito, accessibile per via telematica a partire dall&#8217;indirizzo http:\/\/www.gruppodp.com corrispondente alla pagina iniziale del sito stesso.<br \/>\nL\u2019informativa si intende resa anche per le aree dedicate in cui l\u2019utente pu\u00f2 liberamente fornire una serie di dati che lo riguardano per contattare il Titolare. Specifiche informative sono previste nei form dedicati, come anche sotto indicato (informativa per registrazione al sito, informativa per servizio newsletter, ecc\u2026).<br \/>\nL&#8217;informativa \u00e8 resa solo per il presente sito e non anche per altri siti web eventualmente consultati dall&#8217;utente tramite link riportati sul sito stesso. In caso di consultazione di altri siti web tramite link riportati sul sito, si raccomanda all\u2019utente di consultarne le relative Privacy Policy.<\/p>\n<p><span style=\"font-size: large; color: #000000;\">1. Titolare del trattamento.<\/span><br \/>\nTitolare del trattamento dei dati personali \u00e8 Gruppo DP S.p.A. (P. Iva IT03436170108) con sede in Via Trento, 43\/3 16145 Genova (Italy), indirizzo di posta elettronica certificata HR.GRUPPODP@REGISTERPEC.IT.<\/p>\n<p><span style=\"font-size: large; color: #000000;\">2. Categorie di dati personali<\/span><\/p>\n<p><span style=\"font-size: medium; color: #000000;\">2.1 Dati di navigazione<\/span><br \/>\nI sistemi informatici e le procedure software preposte al funzionamento di questo sito web acquisiscono, nel corso del loro normale esercizio, alcuni dati personali la cui trasmissione \u00e8 implicita nell&#8217;uso dei protocolli di comunicazione di Internet.<br \/>\nSi tratta di informazioni che non sono raccolte per essere associate a interessati identificati, ma che per loro stessa natura potrebbero, attraverso elaborazioni e associazioni con dati detenuti da terzi, permettere di identificare gli utenti.<br \/>\nIn questa categoria di dati rientrano gli indirizzi IP o i nomi a dominio dei computer utilizzati dagli utenti che si connettono al sito, gli indirizzi in notazione URI (Uniform Resource Identifier) delle risorse richieste, l&#8217;orario della richiesta, il metodo utilizzato nel sottoporre la richiesta al server, la dimensione del file ottenuto in risposta, il codice numerico indicante lo stato della risposta data dal server (buon fine, errore, ecc.) ed altri parametri relativi al sistema operativo e all&#8217;ambiente informatico dell&#8217;utente.<br \/>\nQuesti dati vengono utilizzati al solo fine di ricavare informazioni statistiche anonime sull&#8217;uso del sito e per controllarne il corretto funzionamento. I dati potrebbero essere utilizzati per l&#8217;accertamento di responsabilit\u00e0 in caso di eventuali illeciti; salva questa eventualit\u00e0, i dati sui contatti web saranno conservati per il tempo strettamente necessario al perseguimento delle finalit\u00e0 del Titolare.<\/p>\n<p><span style=\"font-size: medium; color: #000000;\">2.2 Dati forniti volontariamente dall&#8217;utente<\/span><br \/>\nPer accedere ai contenuti del sito non \u00e8 necessario procedere ad alcuna registrazione. Esistono tuttavia all\u2019interno del sito dei servizi per il cui utilizzo \u00e8 necessario fornire alcuni propri dati. Qualora il Titolare acquisisca informazioni e dati personali informer\u00e0 preventivamente gli utenti circa le finalit\u00e0 per cui tali dati sono richiesti e le modalit\u00e0 con cui saranno utilizzati.<br \/>\nL&#8217;invio facoltativo, esplicito e volontario di posta elettronica agli indirizzi indicati su questo sito comporta la successiva acquisizione dell&#8217;indirizzo del mittente, necessario per rispondere alle richieste, nonch\u00e9 degli eventuali altri dati personali inseriti nella missiva. Lo stesso dicasi per servizi richiesti dagli utenti tramite la compilazione di form o con modalit\u00e0 similari.<br \/>\nSpecifiche informative verranno pubblicate nelle pagine del presente sito predisposte per l&#8217;erogazione di determinati servizi. Sono disponibili, allegate alla presente:<\/p>\n<p>\u2022 l\u2019informativa per la registrazione al sito<\/p>\n<p>\u2022 l\u2019informativa per il servizio di newsletter<\/p>\n<p>\u2022 l\u2019informativa rivolta ai candidati alla selezione del personale.<\/p>\n<p><span style=\"font-size: medium; color: #000000;\">2.3 Cookie Policy<\/span><\/p>\n<p>Si forniscono di seguito alcune indicazioni di carattere generale sui cookie, propedeutiche per la comprensione dell\u2019informativa.<\/p>\n<p>I cookie sono stringhe di testo di piccole dimensioni che i siti visitati dall&#8217;utente inviano al suo terminale (solitamente al browser), dove vengono memorizzati per essere poi ritrasmessi agli stessi siti alla successiva visita del medesimo utente.<\/p>\n<p>Nel corso della navigazione su un sito, l&#8217;utente pu\u00f2 ricevere sul suo terminale anche cookie che vengono inviati da siti o da web server diversi (c.d. &#8220;terze parti&#8221;), sui quali possono risiedere alcuni elementi (quali, ad esempio, immagini, mappe, suoni, specifici link a pagine di altri domini) presenti sul sito che lo stesso sta visitando.<\/p>\n<p>I cookie, solitamente presenti nei browser degli utenti in numero molto elevato e a volte anche con caratteristiche di ampia persistenza temporale, sono usati per differenti finalit\u00e0: esecuzione di autenticazioni informatiche, monitoraggio di sessioni, memorizzazione di informazioni su specifiche configurazioni riguardanti gli utenti che accedono al server, ecc \u2026<\/p>\n<p>Il Garante per la protezione dei dati personali nel suo Provvedimento in materia dell\u20198 maggio 2014 ha individuato due macro-categorie: cookie &#8220;tecnici&#8221; e cookie &#8220;di profilazione&#8221;.<\/p>\n<p>I cookie \u201ctecnici\u201d sono quelli utilizzati al solo fine di &#8220;effettuare la trasmissione di una comunicazione su una rete di comunicazione elettronica, o nella misura strettamente necessaria al fornitore di un servizio della societ\u00e0 dell&#8217;informazione esplicitamente richiesto dal contraente o dall&#8217;utente a erogare tale servizio&#8221;. Non vengono utilizzati per scopi ulteriori e sono normalmente installati direttamente dal Titolare o gestore del sito web. Possono essere suddivisi in cookie di navigazione o di sessione, che garantiscono la normale navigazione e fruizione del sito web (permettendo, ad esempio, di realizzare un acquisto o di autenticarsi per accedere ad aree riservate); cookie analytics, assimilati ai cookie tecnici laddove utilizzati direttamente dal gestore del sito per raccogliere informazioni, in forma aggregata, sul numero degli utenti e su come questi visitano il sito stesso; cookie di funzionalit\u00e0, che permettono all&#8217;utente la navigazione in funzione di una serie di criteri selezionati (ad esempio, la lingua, i prodotti selezionati per l&#8217;acquisto) al fine di migliorare il servizio reso allo stesso.<\/p>\n<p>Per l&#8217;installazione di tali cookie vige l&#8217;obbligo di dare l&#8217;informativa, mentre non \u00e8 richiesto il preventivo consenso degli utenti.<\/p>\n<p>I cookie \u201cdi profilazione\u201d sono invece volti a creare profili relativi all&#8217;utente e vengono utilizzati al fine di inviare messaggi pubblicitari in linea con le preferenze manifestate dallo stesso nell&#8217;ambito della navigazione in rete. Per l\u2019invasivit\u00e0 che possono avere nell&#8217;ambito della sfera privata degli utenti, la normativa europea e italiana prevedono che l&#8217;utente debba essere adeguatamente informato sull&#8217;uso degli stessi ed esprimere cos\u00ec il proprio valido consenso.<\/p>\n<p>Un ulteriore elemento da considerare \u00e8 quello soggettivo. Occorre, cio\u00e8, tenere conto del differente soggetto che installa i cookie sul terminale dell\u2019utente, a seconda che si tratti dello stesso gestore del sito che l\u2019utente sta visitando (che pu\u00f2 essere sinteticamente indicato come &#8220;editore&#8221;) o di un sito diverso che installa cookie per il tramite del primo (c.d. &#8220;terze parti&#8221;).<\/p>\n<p>Nel presente sito possono essere utilizzati:<\/p>\n<ul>\n<li>Cookie di navigazione (tecnici): fin dal primo accesso i cookie permettono al sito di funzionare correttamente e consentono all\u2019utente di visualizzare i contenuti sul suo dispositivo, riconoscendo la lingua e il mercato del Paese dal quale si connette. Se si tratta di un utente registrato, permettono di riconoscerlo e di accedere ai servizi offerti delle aree dedicate. I cookie di navigazione sono cookie tecnici e sono necessari al funzionamento del sito.<\/li>\n<li>Cookie Funzionali (tecnici): questa tipologia di cookie permette al sito di riconoscere l\u2019utente ogni volta che accede al sito. Consentono di offrire un servizio migliore e personalizzato. A titolo di esempio memorizzano che: l\u2019utente non vuole pi\u00f9 visualizzare la popup cattura e-mail; se ha lasciato un commento al blog o ad un articolo; il voto a un articolo. I cookie funzionali non sono indispensabili al funzionamento del sito, ma migliorano la qualit\u00e0 e l\u2019esperienza di navigazione.<\/li>\n<li>Cookie Analitici (tecnici): questi cookie sono utilizzati da Google Analytics e dal motore di ricerca interno e sono impiegati per: raccogliere dati in forma anonima e aggregata; elaborare analisi statistiche sulle modalit\u00e0 di navigazione degli utenti sul sito attraverso i computer, sul numero di pagine visitate; elaborare il numero di click effettuati su una pagina durante la navigazione del sito, nonch\u00e9 rapporti sui dati demografici (come ad esempio sesso, et\u00e0 e interessi). Vengono utilizzati per raccogliere dati sul modo in cui i visitatori (non solo coloro che sono registrati) utilizzano il sito e dunque consentirci di migliorarne l\u2019aspetto e la navigazione.<\/li>\n<li>Cookie Social (di profilazione): questi cookie sono necessari per permettere all\u2019account social dell\u2019utente di interagire con il nostro sito. Servono per esempio per permettere all\u2019utente di esprimere il suo apprezzamento e per condividerlo con gli amici social. I cookie di social network non sono necessari alla navigazione. Per ulteriori informazioni sulle politiche di utilizzo dei cookie da parte dei Social Network (Facebook, Instagram, Google +, LinkedIn, Twitter ecc\u2026) \u00e8 possibile consultare le rispettive privacy e cookie policy.<\/li>\n<li>Cookie per pubblicit\u00e0 display (di profilazione): per gli annunci pubblicitari sul nostro sito utilizziamo talvolta societ\u00e0 pubblicitarie indipendenti. Queste societ\u00e0 possono riconoscere o inserire uno specifico cookie nel computer o dispositivo mobile dell\u2019utente. Questi cookies (c.d. cookies di terze parti) vengono usati per inviare all\u2019utente gli annunci per lui pi\u00f9 rilevanti e pi\u00f9 rispondenti ai suoi interessi. Sono inoltre impiegati per limitare la frequenza con cui viene proposto un annuncio, nonch\u00e9 come ausilio per misurare l\u2019efficacia di una campagna pubblicitaria. Essi memorizzano che l\u2019utente ha visitato un sito e questa informazione viene condivisa con altre organizzazioni, come le aziende pubblicitarie. Le funzioni di Google Analytics sono implementate in base alla pubblicit\u00e0 display (ad esempio remarketing, rapporti sulle impressioni della Rete Display di Google, integrazione di DoubleClick Campaign Manager o rapporti sui dati demografici e sugli interessi di Google Analytics ed anche quelli previsti da terze parti). Utilizzando le Impostazioni annunci, i visitatori possono disattivare Google Analytics per la pubblicit\u00e0 display e personalizzare gli annunci per la Rete Display di Google.<\/li>\n<li>Cookie di Google e terze parti per marketing\/retargeting (di profilazione): questi cookie sono utilizzati da fornitori terzi che permettono all\u2019utente di visualizzare banner pubblicitari su altri siti affiliati, mostrando gli ultimi prodotti che ha guardato sul sito. Per svolgere tale attivit\u00e0 di promozione, utilizziamo sia cookie proprietari (come il cookie di Google Analytics) sia cookie di terze parti. I cookie di \u201cterza parte\u201d ricadono sotto la diretta ed esclusiva responsabilit\u00e0 del relativo fornitore.<\/li>\n<\/ul>\n<p>I browser sono solitamente abilitati per accettare i cookie da parte dei siti web. Tuttavia \u00e8 possibile controllare e disabilitare i cookie attraverso le impostazioni di ogni browser. Questa restrizione pu\u00f2 compromettere alcune funzionalit\u00e0 di questo sito web. L&#8217;utente pu\u00f2 trovare informazioni su come gestire i cookie con alcuni dei browser pi\u00f9 diffusi ai seguenti indirizzi: <a href=\"https:\/\/support.google.com\/chrome\/answer\/95647?hl=it&amp;p=cpn_cookies\" target=\"_blank\" rel=\"noopener noreferrer\">Google Chrome<\/a>, <a href=\"https:\/\/support.mozilla.org\/it\/kb\/protezione-antitracciamento-avanzata-firefox-desktop?redirectlocale=it&amp;redirectslug=Attivare+e+disattivare+i+cookie\" target=\"_blank\" rel=\"noopener noreferrer\">Mozilla Firefox<\/a>, <a href=\"https:\/\/support.apple.com\/it-it\/guide\/safari\/sfri11471\/mac\" target=\"_blank\" rel=\"noopener noreferrer\">Apple Safari<\/a> e <a href=\"https:\/\/support.microsoft.com\/it-it\/help\/17442\/windows-internet-explorer-delete-manage-cookies\" target=\"_blank\" rel=\"noopener noreferrer\">Microsoft Internet Explorer<\/a>.<\/p>\n<p>In alternativa si pu\u00f2 disattivare la ricezione di cookie di fornitori specifici attraverso lo strumento disponibile sul sito web <a href=\"http:\/\/www.youronlinechoices.com\" target=\"_blank\" rel=\"noopener noreferrer\">http:\/\/www.youronlinechoices.com<\/a> o sul sito <a href=\"http:\/\/www.aboutads.info\/choices\" target=\"_blank\" rel=\"noopener noreferrer\">http:\/\/www.aboutads.info\/choices<\/a>. Per disattivare l&#8217;utilizzo dell&#8217;ID del dispositivo mobile per la pubblicit\u00e0 mirata, si pu\u00f2 fare riferimento al sito <a href=\"http:\/\/www.aboutads.info\/appchoices\" target=\"_blank\" rel=\"noopener noreferrer\">http:\/\/www.aboutads.info\/appchoices<\/a>.<\/p>\n<p>Per non ricevere annunci basati sugli interessi collegati a un identificatore pubblicitario su un dispositivo mobile o tablet, l\u2019utente \u00e8 invitato a configurare l&#8217;impostazione corrispondente sul proprio dispositivo (di norma inserita tra le impostazioni relative alla &#8220;privacy&#8221; o agli &#8220;annunci pubblicitari&#8221; del dispositivo). L\u2019utente continuer\u00e0 a vedere annunci pubblicitari ma non saranno personalizzati in base ai suoi interessi.<\/p>\n<p>Per quanto ovvio facciamo presente che i link sopra riportati si riferiscono a siti di terzi e pertanto potrebbero non essere aggiornati in quanto modificati dal proprietario del dominio.<\/p>\n<p><span style=\"font-size: large; color: #000000;\">3. Finalit\u00e0 del trattamento e trasferimento dei dati<\/span><\/p>\n<p>Fermo quanto previsto al punto 2 per i dati di navigazione e per i cookie, i dati forniti\/raccolti verranno trattati per la gestione ed il funzionamento del sito e per dare seguito alle richieste degli utenti.<br \/>\nIl Titolare non trasferisce dati nel territorio extra UE. Tuttavia, si riserva la possibilit\u00e0 di utilizzare servizi in cloud. In tal caso, i fornitori dei servizi saranno selezionati tra coloro che forniscono garanzie adeguate, cosi\u0300 come previsto dall\u2019art. 46 GDPR 679\/16. Il trattamento, pertanto, avverr\u00e0 secondo una delle modalit\u00e0 consentite dalla legge vigente, quali ad esempio l\u2019adozione di Clausole Standard approvate<br \/>\nGRUPPO DP S.p.A. www.gruppodp.com \u2013 info@gruppodp.com<br \/>\nVia Trento, 43\/3 &#8211; 16145 Genova (Italy) Capitale Sociale: Euro 547.000 interamente versato<br \/>\nP. O. Box: 80791 &#8211; 16145 Genova (Italy) Partita Iva: IT 03436170108 \u2013 Numero REA: GE-344743<br \/>\nTel: +39 010 369681 &#8211; Fax: +39 010 3620996 Codice fiscale e iscrizione reg. imprese Genova: 03436170108<br \/>\nPag. 3 di 3 \u2013 v.09\/2019<br \/>\ndalla Commissione Europea, la selezione di soggetti aderenti a programmi internazionali per la libera circolazione dei dati, (es. EU-USA Privacy Shield) o operanti in Paesi considerati sicuri dalla Commissione Europea.<\/p>\n<p><span style=\"font-size: large; color: #000000;\">4. Conferimento dei dati, base giuridica del trattamento e conseguenze in caso di mancata comunicazione dei dati<\/span><\/p>\n<p>Per i dati di navigazione sopra indicati la trasmissione \u00e8 implicita nell\u2019uso dei protocolli di comunicazione di Internet.<br \/>\nIl trattamento dei suddetti dati di navigazione \u00e8 necessario per il perseguimento del legittimo interesse del Titolare del trattamento con riferimento alle finalit\u00e0 sopra indicate e viene svolto secondo le norme.<br \/>\nIl trattamento dei dati forniti volontariamente dall\u2019utente tramite e-mail e compilazione dei moduli\/form o modalit\u00e0 similari presenti sul sito \u00e8 necessario per dare seguito ai servizi richiesti. Il loro mancato conferimento pu\u00f2 comportare l&#8217;impossibilit\u00e0 di ottenere quanto richiesto.<br \/>\nPer quanto riguarda i cookie viene fornita l\u2019informativa di cui al precedente punto 2.3. Per i cookie tecnici non \u00e8 richiesto il consenso dell\u2019utente mentre i cookie di profilazione vengono attivati solo a seguito della libera manifestazione del consenso dell\u2019utente.<\/p>\n<p><span style=\"font-size: large; color: #000000;\">5. Modalit\u00e0 del trattamento dei dati<\/span><\/p>\n<p>Il trattamento dei dati sar\u00e0 principalmente effettuato con l&#8217;ausilio di strumenti elettronici o comunque automatizzati, secondo le modalit\u00e0 e con mezzi idonei a garantire la sicurezza e la riservatezza dei dati stessi, in conformit\u00e0 di quanto previsto dal GDPR. In particolare, saranno adottate misure tecniche, informatiche, organizzative, logistiche e procedurali di sicurezza, in modo che sia garantito il livello di protezione dei dati previsto dalla legge, consentendo l&#8217;accesso alle sole persone autorizzate al trattamento da parte del Titolare o dei Responsabili dallo stesso designati.<\/p>\n<p><span style=\"font-size: large; color: #000000;\">6. Destinatari<\/span><\/p>\n<p>Destinatari\/categorie di destinatari dei dati personali trattati tramite il sito possono essere liberi professionisti, consulenti e\/o altri soggetti, fornitori di servizi ICT, ecc&#8230; di norma designati Responsabili di trattamento o Autorizzati al trattamento. Potranno essere comunicati ad Autorit\u00e0 Giudiziaria, Amministrazioni pubbliche, Forze di Polizia, Autorit\u00e0 fiscali e altri soggetti pubblici al fine di adempiere agli obblighi previsti da leggi, regolamenti e normativa nazionale o europea, su loro richiesta esplicita o per la tutela dei diritti.<\/p>\n<p><span style=\"font-size: large; color: #000000;\">7. Conservazione dei dati<\/span><\/p>\n<p>I dati tecnici e i dati di navigazione saranno conservati per il tempo necessario al perseguimento delle finalit\u00e0 del Titolare e per il tempo prescritto dalle norme. I dati forniti volontariamente dall\u2019utente tramite e-mail e compilazione dei moduli\/form o modalit\u00e0 similari presenti sul sito sono conservati per il tempo necessario a fornire i servizi richiesti e per il tempo prescritto dalle norme. Si rinvia a quanto indicato nelle eventuali specifiche informative pubblicate nelle pagine del presente sito predisposte per l&#8217;erogazione di determinati servizi tra cui quelle indicate al punto 2.2 della presente).<\/p>\n<p><span style=\"font-size: large; color: #000000;\">8. Diritti (artt. 15 e segg. GDPR)<\/span><\/p>\n<p>L\u2019interessato ha diritto &#8211; nei casi previsti dalla normativa: di chiedere l\u2019accesso ai dati personali, la rettifica; la cancellazione; la portabilit\u00e0; la limitazione del trattamento dei dati personali; di effettuare l\u2019opposizione al trattamento; ecc&#8230; Per esercitare tali diritti l\u2019interessato potr\u00e0 rivolgersi al Titolare ai recapiti sopra indicati. Si rammenta la possibilit\u00e0 sopra indicata per l&#8217;utente di manifestare le proprie opzioni in merito all&#8217;uso dei cookie da parte del sito anche attraverso le impostazioni del browser.<\/p>\n<p><span style=\"font-size: large; color: #000000;\">9. Diritto di proporre reclamo<\/span><\/p>\n<p>L\u2019interessato ha diritto di proporre reclamo all\u2019Autorit\u00e0 Garante per la protezione dei dati personali.<br \/>\n10. Finalit\u00e0 diverse<br \/>\nQualora il Titolare intendesse trattare ulteriormente i dati per una finalit\u00e0 diversa da quella per cui sono stati raccolti, fornir\u00e0 all\u2019interessato prima di tale ulteriore trattamento informazioni in merito a tale diversa finalit\u00e0 e ogni ulteriore informazione pertinente.<\/p>\n<p><span style=\"font-size: large; color: #000000;\">11. Aggiornamento<\/span><\/p>\n<p>Il Titolare si riserva il diritto di modificare o emendare, in qualsiasi momento, la presente. Il titolare invita pertanto i propri utenti a visitare con regolarit\u00e0 il sito e prendere visione delle informative sul trattamento dei dati in modo da essere sempre aggiornato sui dati raccolti e sull\u2019uso che ne fa il Titolare del trattamento.[\/vc_column_text][\/vc_column][\/vc_row]<\/p>\n","protected":false},"excerpt":{"rendered":"<p>[vc_row css=&#8221;.vc_custom_1572356558300{padding-top: 60px !important;}&#8221;][vc_column][vc_column_text]PRIVACY POLICY E COOKIES Nel presente documento \u201cPrivacy policy e cookies\u201d si descrivono le modalit\u00e0 di gestione del sito in riferimento al trattamento dei dati personali degli utenti che lo consultano. Si tratta di un&#8217;informativa resa anche ai sensi del Regolamento UE 2016\/679 (GDPR), del D. Lgs. 196\/2003, del D. Lgs. 101\/2018, dei Provvedimenti del Garante per<\/p>\n<div class=\"h10\"><\/div>\n<p><a class=\"more-link2 flat\" href=\"https:\/\/www.gruppodp.com\/it\/privacy-policy\/\">Read more<\/a><\/p>\n","protected":false},"author":9,"featured_media":0,"parent":0,"menu_order":0,"comment_status":"closed","ping_status":"closed","template":"","meta":[],"aioseo_notices":[],"_links":{"self":[{"href":"https:\/\/www.gruppodp.com\/it\/wp-json\/wp\/v2\/pages\/174"}],"collection":[{"href":"https:\/\/www.gruppodp.com\/it\/wp-json\/wp\/v2\/pages"}],"about":[{"href":"https:\/\/www.gruppodp.com\/it\/wp-json\/wp\/v2\/types\/page"}],"author":[{"embeddable":true,"href":"https:\/\/www.gruppodp.com\/it\/wp-json\/wp\/v2\/users\/9"}],"replies":[{"embeddable":true,"href":"https:\/\/www.gruppodp.com\/it\/wp-json\/wp\/v2\/comments?post=174"}],"version-history":[{"count":5,"href":"https:\/\/www.gruppodp.com\/it\/wp-json\/wp\/v2\/pages\/174\/revisions"}],"predecessor-version":[{"id":2116,"href":"https:\/\/www.gruppodp.com\/it\/wp-json\/wp\/v2\/pages\/174\/revisions\/2116"}],"wp:attachment":[{"href":"https:\/\/www.gruppodp.com\/it\/wp-json\/wp\/v2\/media?parent=174"}],"curies":[{"name":"wp","href":"https:\/\/api.w.org\/{rel}","templated":true}]}}