{"id":1013,"date":"2019-10-15T10:45:14","date_gmt":"2019-10-15T08:45:14","guid":{"rendered":"http:\/\/www.gruppodp.com\/about-us\/"},"modified":"2019-12-02T10:09:11","modified_gmt":"2019-12-02T09:09:11","slug":"chi-siamo","status":"publish","type":"page","link":"https:\/\/www.gruppodp.com\/it\/chi-siamo\/","title":{"rendered":"Chi Siamo"},"content":{"rendered":"<p>[vc_row css=&#8221;.vc_custom_1561898783913{margin-bottom: 0px !important;padding-top: 100px !important;padding-bottom: 100px !important;}&#8221;][vc_column]<h1 class=\"boc_heading  al_left  \"  style=\"margin-bottom: 20px;margin-top: 0px;color: #28586f;font-size: 20px;\"><span>Un&#8217;azienda per il commercio di monofili e fibre sintetiche per le applicazioni tecniche<\/span><\/h1>[vc_column_text]Gruppo DP \u00e8 un\u2019azienda che si occupa della distribuzione di monofili e fibre sintetiche per applicazioni tecniche. Nello specifico, i filoni che costituiscono il core business aziendale sono due: in primis i fili per la pesca sportiva e professionale, in secondo luogo i monofili per giardinaggio e usi agricoli.<\/p>\n<p>Nata a Genova nel 1973, l\u2019azienda opera a livello globale, in cinque continenti e pi\u00f9 di 80 nazioni, grazie a una capillare rete distributiva.[\/vc_column_text][\/vc_column][\/vc_row][vc_row full_width=&#8221;stretch_row_content_no_spaces&#8221; equal_height=&#8221;yes&#8221; content_placement=&#8221;middle&#8221; css=&#8221;.vc_custom_1560782380323{margin-bottom: 0px !important;}&#8221;][vc_column width=&#8221;1\/2&#8243; css=&#8221;.vc_custom_1561898875320{padding-top: 100px !important;padding-right: 60px !important;padding-bottom: 100px !important;padding-left: 60px !important;background-color: #28586f !important;}&#8221;]<h2 class=\"boc_heading  center  \"  style=\"margin-bottom: 20px;margin-top: 0px;color: #ffffff;font-size: 32px;\"><span>Il core business di Gruppo DP<\/span><\/h2><div class=\"boc_divider_holder\"><div class=\"boc_divider  \"  style=\"margin-top: 20px;margin-bottom: 20px;width: 50px;margin-left: auto; margin-right: auto;height: 2px;background: #ffffff;\"><\/div><\/div>[vc_row_inner][vc_column_inner width=&#8221;1\/2&#8243;]\t<div class=\"image_featured_text  round_img img_small\">\n\t\t\t\t\t\t<img width=\"60\" height=\"60\" src=\"https:\/\/www.gruppodp.com\/wp-content\/uploads\/2019\/11\/fish-1.png\" class=\"attachment-full size-full\" alt=\"\" loading=\"lazy\" \/>\n\t\t\t\t\t\t<div class=\"text\">\n\t\t\t\t\t\t\t<span style=\"color: white;\">Monofili e fibre sintetiche per la pesca sportiva e professionale<\/span><\/div>\n\t\t\t\t\t\t\n\t\t\t\t\t<\/div> \n\t\t\t<script type=\"text\/javascript\">\n\t\t\t\tjQuery(document).ready(function($) {\t\t\t\t\n\t\t\t\t\tif(typeof side_img_last_row_set === \"undefined\") {\n\t\t\t\n\t\t\t\t\t\t\/\/ Add class \"last\" to left_img_box section to remove borders.\n\t\t\t\t\t\t$(\".section .row_img_featured_texts_border\").last().addClass( \"last\" );\n\t\t\t\t\t\tside_img_last_row_set = true;\n\t\t\t\t\t}\n\t\t\t\t});\t\t\t\n\t\t\t<\/script>[\/vc_column_inner][vc_column_inner width=&#8221;1\/2&#8243;]\t<div class=\"image_featured_text  round_img img_small\">\n\t\t\t\t\t\t<img width=\"60\" height=\"60\" src=\"https:\/\/www.gruppodp.com\/wp-content\/uploads\/2019\/11\/tractor.png\" class=\"attachment-full size-full\" alt=\"\" loading=\"lazy\" \/>\n\t\t\t\t\t\t<div class=\"text\">\n\t\t\t\t\t\t\t<span style=\"color: white;\">Monofili per gli usi agricoli<\/span><\/div>\n\t\t\t\t\t\t\n\t\t\t\t\t<\/div> \n\t\t\t<script type=\"text\/javascript\">\n\t\t\t\tjQuery(document).ready(function($) {\t\t\t\t\n\t\t\t\t\tif(typeof side_img_last_row_set === \"undefined\") {\n\t\t\t\n\t\t\t\t\t\t\/\/ Add class \"last\" to left_img_box section to remove borders.\n\t\t\t\t\t\t$(\".section .row_img_featured_texts_border\").last().addClass( \"last\" );\n\t\t\t\t\t\tside_img_last_row_set = true;\n\t\t\t\t\t}\n\t\t\t\t});\t\t\t\n\t\t\t<\/script>[\/vc_column_inner][\/vc_row_inner][vc_row_inner][vc_column_inner width=&#8221;1\/2&#8243;]\t<div class=\"image_featured_text  round_img img_small\">\n\t\t\t\t\t\t<img width=\"60\" height=\"60\" src=\"https:\/\/www.gruppodp.com\/wp-content\/uploads\/2019\/11\/leaf.png\" class=\"attachment-full size-full\" alt=\"\" loading=\"lazy\" \/>\n\t\t\t\t\t\t<div class=\"text\">\n\t\t\t\t\t\t\t<span style=\"color: white;\">Monofili per il giardinaggio<\/span><\/div>\n\t\t\t\t\t\t\n\t\t\t\t\t<\/div> \n\t\t\t<script type=\"text\/javascript\">\n\t\t\t\tjQuery(document).ready(function($) {\t\t\t\t\n\t\t\t\t\tif(typeof side_img_last_row_set === \"undefined\") {\n\t\t\t\n\t\t\t\t\t\t\/\/ Add class \"last\" to left_img_box section to remove borders.\n\t\t\t\t\t\t$(\".section .row_img_featured_texts_border\").last().addClass( \"last\" );\n\t\t\t\t\t\tside_img_last_row_set = true;\n\t\t\t\t\t}\n\t\t\t\t});\t\t\t\n\t\t\t<\/script>[\/vc_column_inner][vc_column_inner width=&#8221;1\/2&#8243;]\t<div class=\"image_featured_text  round_img img_small\">\n\t\t\t\t\t\t<img width=\"60\" height=\"60\" src=\"https:\/\/www.gruppodp.com\/wp-content\/uploads\/2019\/11\/tools.png\" class=\"attachment-full size-full\" alt=\"\" loading=\"lazy\" \/>\n\t\t\t\t\t\t<div class=\"text\">\n\t\t\t\t\t\t\t<span style=\"color: white;\">Fibre sintetiche per applicazioni tecniche<\/span><\/div>\n\t\t\t\t\t\t\n\t\t\t\t\t<\/div> \n\t\t\t<script type=\"text\/javascript\">\n\t\t\t\tjQuery(document).ready(function($) {\t\t\t\t\n\t\t\t\t\tif(typeof side_img_last_row_set === \"undefined\") {\n\t\t\t\n\t\t\t\t\t\t\/\/ Add class \"last\" to left_img_box section to remove borders.\n\t\t\t\t\t\t$(\".section .row_img_featured_texts_border\").last().addClass( \"last\" );\n\t\t\t\t\t\tside_img_last_row_set = true;\n\t\t\t\t\t}\n\t\t\t\t});\t\t\t\n\t\t\t<\/script>[\/vc_column_inner][\/vc_row_inner][\/vc_column][vc_column width=&#8221;1\/2&#8243; css=&#8221;.vc_custom_1565029026110{padding-top: 80px !important;padding-right: 60px !important;padding-bottom: 80px !important;padding-left: 60px !important;background-image: url(http:\/\/www.gruppodp.com\/wp-content\/uploads\/2019\/06\/box-hp-1.jpg?id=278) !important;background-position: center !important;background-repeat: no-repeat !important;background-size: cover !important;}&#8221;][\/vc_column][\/vc_row][vc_row full_width=&#8221;stretch_row&#8221; css=&#8221;.vc_custom_1561901541029{margin-bottom: 0px !important;border-top-width: 1px !important;border-bottom-width: 1px !important;padding-top: 100px !important;padding-bottom: 100px !important;border-top-color: #efefef !important;border-top-style: solid !important;border-bottom-color: #efefef !important;border-bottom-style: solid !important;}&#8221;][vc_column]<h2 class=\"boc_heading  center  \"  style=\"margin-bottom: 20px;margin-top: 0px;color: #28586f;font-size: 26px;\"><span>Come opera Gruppo DP<\/span><\/h2><div class=\"boc_divider_holder\"><div class=\"boc_divider  \"  style=\"margin-top: 30px;margin-bottom: 60px;width: 100px;margin-left: auto; margin-right: auto;height: 2px;background: #f2f2f2;\"><\/div><\/div>[vc_row_inner css=&#8221;.vc_custom_1561901550728{margin-bottom: 0px !important;}&#8221;][vc_column_inner width=&#8221;1\/3&#8243;][vc_column_text]<strong><span style=\"color: #28586f;\">&gt; <\/span><\/strong>In maniera diretta: tramite la distribuzione di <strong>prodotti <\/strong>del proprio marchio<strong> ASSO, <\/strong>oltre a quelli<strong> Toray e Perlon<\/strong>[\/vc_column_text][\/vc_column_inner][vc_column_inner width=&#8221;1\/3&#8243;][vc_column_text]<strong><span style=\"color: #28586f;\">&gt; <\/span><\/strong>In maniera indiretta: tramite la <strong>fornitura <\/strong>alle manifatture <strong>di fili in bobine di origine.<\/strong>[\/vc_column_text][\/vc_column_inner][vc_column_inner width=&#8221;1\/3&#8243;][vc_column_text]<strong><span style=\"color: #28586f;\">&gt; <\/span><\/strong>In maniera indiretta: tramite la fornitura di prodotti a marchio del cliente (<strong>OEM<\/strong>).[\/vc_column_text][\/vc_column_inner][\/vc_row_inner][\/vc_column][\/vc_row][vc_row full_width=&#8221;stretch_row&#8221; css=&#8221;.vc_custom_1561901722815{margin-top: 0px !important;margin-bottom: 0px !important;border-top-width: 1px !important;border-bottom-width: 1px !important;padding-top: 100px !important;padding-bottom: 100px !important;background-color: #fcfcfc !important;border-top-color: #f9f9f9 !important;border-top-style: solid !important;border-bottom-color: #f9f9f9 !important;border-bottom-style: solid !important;}&#8221;][vc_column]<h2 class=\"boc_heading  center  \"  style=\"color: #28586f;font-size: 20px;\"><span>Scegliere Gruppo DP: quali sono i vantaggi<\/span><\/h2><div class=\"boc_divider_holder\"><div class=\"boc_divider  \"  style=\"margin-top: 30px;margin-bottom: 60px;width: 100px;margin-left: auto; margin-right: auto;height: 2px;background: #f2f2f2;\"><\/div><\/div>[vc_row_inner css=&#8221;.vc_custom_1561901780868{border-bottom-width: 1px !important;border-bottom-color: #fefefe !important;border-bottom-style: solid !important;}&#8221;][vc_column_inner width=&#8221;1\/3&#8243;][vc_column_text]<strong><span style=\"color: #28586f;\">&gt; <\/span><\/strong>Il know how di prodotto e di mercato \u00e8 estremamente approfondito e specifico in ogni area geografica, grazie a una lunga esperienza dell\u2019azienda nei mercati globali. In questo modo Gruppo DP offre un ottimo servizio di assistenza alla clientela nella selezione dei prodotti specifici per ogni mercato.[\/vc_column_text][\/vc_column_inner][vc_column_inner width=&#8221;1\/3&#8243;][vc_column_text]<strong><span style=\"color: #28586f;\">&gt; <\/span><\/strong>Tempi di consegna veloci: Gruppo DP offre un eccellente servizio logistico, grazie al modo in cui vengono organizzate le spedizioni. Queste partono sia dall\u2019Italia che dai porti asiatici; inoltre, la presenza di un rilevante quantitativo di prodotti in magazzino, gi\u00e0 pronti per essere spediti, accorcia ulteriormente le tempistiche anche con lotti di acquisto estremamente contenuti.[\/vc_column_text][\/vc_column_inner][vc_column_inner width=&#8221;1\/3&#8243;][vc_column_text]<strong><span style=\"color: #28586f;\">&gt; <\/span><\/strong>Skill tecnologiche: queste, coadiuvate da una profonda conoscenza della propria clientela, consentono a Gruppo DP di assisterla in ogni fase del processo di vendita.[\/vc_column_text][\/vc_column_inner][\/vc_row_inner][\/vc_column][\/vc_row][vc_row css=&#8221;.vc_custom_1565030613109{border-top-width: 1px !important;border-bottom-width: 1px !important;padding-top: 50px !important;padding-bottom: 50px !important;border-top-color: #efefef !important;border-top-style: solid !important;border-bottom-color: #efefef !important;border-bottom-style: solid !important;}&#8221;][vc_column width=&#8221;1\/2&#8243; css=&#8221;.vc_custom_1565030405279{padding-top: 50px !important;padding-bottom: 50px !important;}&#8221;]<h2 class=\"boc_heading  al_left  \"  style=\"margin-bottom: 20px;margin-top: 0px;color: #28586f;font-size: 32px;\"><span>Storia<\/span><\/h2><div class=\"boc_divider_holder\"><div class=\"boc_divider  \"  style=\"margin-top: 30px;margin-bottom: 60px;width: 60px;height: 2px;background: #f2f2f2;\"><\/div><\/div>[vc_column_text]Sin dal 1973, anno della sua nascita, Gruppo DP ha profuso il proprio impegno nello sviluppo e selezione di prodotti che potessero diventare top di gamma. Inoltre negli anni l\u2019azienda si \u00e8 evoluta, introducendo nuove categorie di prodotti. La specializzazione nei fili da pesca \u00e8 iniziata nella seconda met\u00e0 degli anni \u201980 con l\u2019introduzione di ASSO DI CUORI, per poi proseguire negli anni \u201990 con ASSO DI QUADRI.[\/vc_column_text]<a\thref=\"http:\/\/www.gruppodp.com\/it\/chi-siamo\/storia\/\" \n\t\t\t\tclass=\"button btn_medium btn_theme_color btn_rounded btn_normal_style icon_pos_after   \"  target='_self'><span>Leggi di pi\u00f9<\/span> <i class='icon icon-angle-right'><\/i> <\/a>[\/vc_column][vc_column width=&#8221;1\/2&#8243; css=&#8221;.vc_custom_1565030412784{padding-top: 50px !important;padding-bottom: 50px !important;}&#8221;]<h2 class=\"boc_heading  al_left  \"  style=\"margin-bottom: 20px;margin-top: 0px;color: #28586f;font-size: 32px;\"><span>Etica<\/span><\/h2><div class=\"boc_divider_holder\"><div class=\"boc_divider  \"  style=\"margin-top: 30px;margin-bottom: 60px;width: 60px;height: 2px;background: #f2f2f2;\"><\/div><\/div>[vc_column_text]Tutto l\u2019operato di Gruppo DP si fonda sul rispetto di principi etici, i quali favoriscono dei buoni rapporti con la clientela ed i terzi con cui questa interagisce. Ci\u00f2 \u00e8 possibile tramite l\u2019applicazione di principi di efficacia ed efficienza ed il perseguimento di standard di qualit\u00e0 e sicurezza elevati.[\/vc_column_text]<div class=\"boc_spacing \" style=\"height: 55px\"><\/div><a\thref=\"http:\/\/www.gruppodp.com\/it\/chi-siamo\/etica\/\" \n\t\t\t\tclass=\"button btn_medium btn_theme_color btn_rounded btn_normal_style icon_pos_after   \"  target='_self'><span>Leggi di pi\u00f9<\/span> <i class='icon icon-angle-right'><\/i> <\/a>[\/vc_column][\/vc_row][vc_row full_width=&#8221;stretch_row&#8221; equal_height=&#8221;yes&#8221; content_placement=&#8221;middle&#8221; bg_type=&#8221;bg_color&#8221; css=&#8221;.vc_custom_1561303189068{margin-top: 0px !important;margin-bottom: 0px !important;padding-top: 20px !important;padding-bottom: 20px !important;}&#8221; bg_color_value=&#8221;#28586f&#8221;][vc_column width=&#8221;3\/4&#8243;]<h5 class=\"boc_heading  al_left  \"  style=\"margin-bottom: 20px;margin-top: 20px;color: #ffffff;font-size: 25px;\"><span>Contattaci per maggiori informazioni<\/span><\/h5>[vc_raw_html]JTNDZGl2JTIwc3R5bGUlM0QlMjJjb2xvciUzQSUyM2UxZTFlMSUzQiUyMGZvbnQtc2l6ZSUzQTE0cHglM0IlMjBmb250LXdlaWdodCUzQTQwMCUzQiUyMiUzRSUwQSUzQ3NwYW4lMjBjbGFzcyUzRCUyMmljb24lMjBpY29uLW1vYmlsZTMlMjIlM0UlM0MlMkZzcGFuJTNFJTIwJTNDYSUyMGhyZWYlM0QlMjJ0ZWwlM0ElMkIzOTAxMDM2OTY4MSUyMiUyMHN0eWxlJTNEJTIyY29sb3IlM0ElMjNlMWUxZTElM0IlMjBtYXJnaW4tcmlnaHQlM0EyMHB4JTNCJTIyJTNFJTJCMzklMjAwMTAlMjAzNjk2ODElM0MlMkZhJTNFJTNDc3BhbiUyMGNsYXNzJTNEJTIyaWNvbiUyMGljb24tbWFpbDIlMjIlM0UlM0MlMkZzcGFuJTNFJTIwJTNDYSUyMGhyZWYlM0QlMjJtYWlsdG8lM0FpbmZvJTQwZ3J1cHBvZHAuY29tJTIyJTIwc3R5bGUlM0QlMjJjb2xvciUzQSUyM2UxZTFlMSUzQiUyMG1hcmdpbi1yaWdodCUzQTIwcHglM0IlMjIlM0VpbmZvJTQwZ3J1cHBvZHAuY29tJTNDJTJGYSUzRSUzQ3NwYW4lMjBjbGFzcyUzRCUyMmljb24lMjBpY29uLWxvY2F0aW9uMiUyMiUzRSUzQyUyRnNwYW4lM0UlMjAlM0NhJTIwaHJlZiUzRCUyMmh0dHBzJTNBJTJGJTJGd3d3Lmdvb2dsZS5jb20lMkZtYXBzJTJGcGxhY2UlMkZHcnVwcG8lMkJEUCUyQlNwQSUyRiU0MDQ0LjM5OTk2ODIlMkM4Ljk1MzgzMjUlMkMxN3olMkZkYXRhJTNEJTIxM20xJTIxNGIxJTIxNG01JTIxM200JTIxMXMweDEyZDM0M2EyMDRmNjQ4ODklM0EweDhlMzk4NjhjZWQyYjE4YWQlMjE4bTIlMjEzZDQ0LjM5OTk2ODIlMjE0ZDguOTU2MDIxMiUyMiUyMHRhcmdldCUzRCUyMl9ibGFuayUyMiUyMHN0eWxlJTNEJTIyY29sb3IlM0ElMjNlMWUxZTElM0IlMjIlM0VWaWElMjBUcmVudG8lMjA0MyUyRjMlMjAtJTIwMTYxNDUlMjBHZW5vdmElMjAlMjhJdGFseSUyOSUzQyUyRmElM0UlMEElM0MlMkZkaXYlM0U=[\/vc_raw_html][\/vc_column][vc_column width=&#8221;1\/4&#8243;]<a\thref=\"\/it\/contatti\/\" \n\t\t\t\tclass=\"button btn_medium btn_white btn_rounded btn_outline icon_pos_after   \"  target='_self'><span>Contattaci<\/span> <i class='icon icon-arrow-right6'><\/i> <\/a>[\/vc_column][\/vc_row]<\/p>\n","protected":false},"excerpt":{"rendered":"<p>[vc_row css=&#8221;.vc_custom_1561898783913{margin-bottom: 0px !important;padding-top: 100px !important;padding-bottom: 100px !important;}&#8221;][vc_column][vc_column_text]Gruppo DP \u00e8 un\u2019azienda che si occupa della distribuzione di monofili e fibre sintetiche per applicazioni tecniche. Nello specifico, i filoni che costituiscono il core business aziendale sono due: in primis i fili per la pesca sportiva e professionale, in secondo luogo i monofili per giardinaggio e usi agricoli. Nata a Genova nel<\/p>\n<div class=\"h10\"><\/div>\n<p><a class=\"more-link2 flat\" href=\"https:\/\/www.gruppodp.com\/it\/chi-siamo\/\">Read more<\/a><\/p>\n","protected":false},"author":9,"featured_media":0,"parent":0,"menu_order":0,"comment_status":"closed","ping_status":"closed","template":"","meta":[],"aioseo_notices":[],"_links":{"self":[{"href":"https:\/\/www.gruppodp.com\/it\/wp-json\/wp\/v2\/pages\/1013"}],"collection":[{"href":"https:\/\/www.gruppodp.com\/it\/wp-json\/wp\/v2\/pages"}],"about":[{"href":"https:\/\/www.gruppodp.com\/it\/wp-json\/wp\/v2\/types\/page"}],"author":[{"embeddable":true,"href":"https:\/\/www.gruppodp.com\/it\/wp-json\/wp\/v2\/users\/9"}],"replies":[{"embeddable":true,"href":"https:\/\/www.gruppodp.com\/it\/wp-json\/wp\/v2\/comments?post=1013"}],"version-history":[{"count":5,"href":"https:\/\/www.gruppodp.com\/it\/wp-json\/wp\/v2\/pages\/1013\/revisions"}],"predecessor-version":[{"id":1812,"href":"https:\/\/www.gruppodp.com\/it\/wp-json\/wp\/v2\/pages\/1013\/revisions\/1812"}],"wp:attachment":[{"href":"https:\/\/www.gruppodp.com\/it\/wp-json\/wp\/v2\/media?parent=1013"}],"curies":[{"name":"wp","href":"https:\/\/api.w.org\/{rel}","templated":true}]}}